{"id":5,"date":"2023-06-30T18:19:38","date_gmt":"2023-06-30T16:19:38","guid":{"rendered":"https:\/\/www.konfeo.com\/es\/widgets-for-event-organizers\/"},"modified":"2024-09-27T08:57:06","modified_gmt":"2024-09-27T06:57:06","slug":"widgets","status":"publish","type":"page","link":"https:\/\/www.konfeo.com\/es\/widgets\/","title":{"rendered":"Widgets para organizadores de eventos"},"content":{"rendered":"\n<p>Muchos organizadores de eventos quieren tener control total sobre el dise\u00f1o de sus sitios web para administrar conferencias y congresos. Nuestro software de registro de eventos ofrece dos tipos de widgets: <a href=\"#registration-form-widget\"><strong>widget de formulario de registro de evento \u00fanico<\/strong><\/a> y <a href=\"#event-list-widget\"><strong>widget de lista de eventos<\/strong><\/a>, que se pueden colocar pr\u00e1cticamente en cualquier lugar de la p\u00e1gina de destino.<\/p>\n\n\n\n<h2 class=\"wp-block-heading has-text-align-center\" id=\"registration-form-widget\">Widget de formulario de registro de evento \u00fanico<\/h2>\n\n\n\n<style>iframe { width: 1px; min-width: 100%; }<\/style>\n<iframe src=\"https:\/\/demo-es-e01.konfeo.com\/es\/groups?iframe=2\" id=\"iframe65636\" onload=\"iFrameResize({}, '#iframe65636')\" frameborder=\"0\"><\/iframe>\n<script type=\"text\/javascript\" src=\"https:\/\/demo-en-e01.konfeo.com\/iframeResizer-4.min.js\"><\/script>\n\n\n\n<div style=\"height:60px\" aria-hidden=\"true\" class=\"wp-block-spacer\"><\/div>\n\n\n\n<h2 class=\"wp-block-heading has-text-align-center\" id=\"event-list-widget\">Widget de lista de eventos<\/h2>\n\n\n\n<style>iframe { width: 1px; min-width: 100%; }<\/style>\n<iframe src=\"https:\/\/event-list.konfeo.com\/es\/daf885ad-3e4c-4a76-ab5b-263d75fc505a\" id=\"eventlist\" onload=\"iFrameResize({}, '#eventlist')\" frameborder=\"0\"><\/iframe>\n<script type=\"text\/javascript\" src=\"https:\/\/event-list.konfeo.com\/iframeResizer-4.min.js\"><\/script>\n\n\n\n<div style=\"height:100px\" aria-hidden=\"true\" class=\"wp-block-spacer\"><\/div>\n","protected":false},"excerpt":{"rendered":"<p>Muchos organizadores de eventos quieren tener control total sobre el dise\u00f1o de sus sitios web para administrar conferencias y congresos. Nuestro software de registro de eventos ofrece dos tipos de widgets: widget de formulario de registro de evento \u00fanico y widget de lista de eventos, que se pueden colocar pr\u00e1cticamente en cualquier lugar de la&hellip;&nbsp;<a href=\"https:\/\/www.konfeo.com\/es\/widgets\/\" rel=\"bookmark\">Leer m\u00e1s &raquo;<span class=\"screen-reader-text\">Widgets para organizadores de eventos<\/span><\/a><\/p>\n","protected":false},"author":1,"featured_media":34,"parent":0,"menu_order":0,"comment_status":"closed","ping_status":"closed","template":"","meta":{"inline_featured_image":false,"neve_meta_sidebar":"","neve_meta_container":"","neve_meta_enable_content_width":"","neve_meta_content_width":0,"neve_meta_title_alignment":"","neve_meta_author_avatar":"","neve_post_elements_order":"","neve_meta_disable_header":"","neve_meta_disable_footer":"","neve_meta_disable_title":"","footnotes":""},"class_list":["post-5","page","type-page","status-publish","has-post-thumbnail","hentry"],"yoast_head":"<!-- This site is optimized with the Yoast SEO plugin v27.6 - https:\/\/yoast.com\/product\/yoast-seo-wordpress\/ -->\n<title>Widgets para organizadores de eventos - Registro Online para Eventos | Konfeo<\/title>\n<meta name=\"robots\" content=\"index, follow, max-snippet:-1, max-image-preview:large, max-video-preview:-1\" \/>\n<link rel=\"canonical\" href=\"https:\/\/www.konfeo.com\/es\/widgets\/\" \/>\n<meta property=\"og:locale\" content=\"es_ES\" \/>\n<meta property=\"og:type\" content=\"article\" \/>\n<meta property=\"og:title\" content=\"Widgets para organizadores de eventos - Registro Online para Eventos | Konfeo\" \/>\n<meta property=\"og:description\" content=\"Muchos organizadores de eventos quieren tener control total sobre el dise\u00f1o de sus sitios web para administrar conferencias y congresos. Nuestro software de registro de eventos ofrece dos tipos de widgets: widget de formulario de registro de evento \u00fanico y widget de lista de eventos, que se pueden colocar pr\u00e1cticamente en cualquier lugar de la&hellip;&nbsp;Leer m\u00e1s &raquo;Widgets para organizadores de eventos\" \/>\n<meta property=\"og:url\" content=\"https:\/\/www.konfeo.com\/es\/widgets\/\" \/>\n<meta property=\"og:site_name\" content=\"Registro Online para Eventos | Konfeo\" \/>\n<meta property=\"article:publisher\" content=\"https:\/\/www.facebook.com\/Konfeo\" \/>\n<meta property=\"article:modified_time\" content=\"2024-09-27T06:57:06+00:00\" \/>\n<meta property=\"og:image\" content=\"https:\/\/www.konfeo.com\/es\/wp-content\/uploads\/sites\/4\/2023\/07\/Konfeo-demo-header-1-min.jpg\" \/>\n\t<meta property=\"og:image:width\" content=\"1280\" \/>\n\t<meta property=\"og:image:height\" content=\"500\" \/>\n\t<meta property=\"og:image:type\" content=\"image\/jpeg\" \/>\n<meta name=\"twitter:card\" content=\"summary_large_image\" \/>\n<meta name=\"twitter:site\" content=\"@konfeo\" \/>\n<meta name=\"twitter:label1\" content=\"Tiempo de lectura\" \/>\n\t<meta name=\"twitter:data1\" content=\"1 minuto\" \/>\n<script type=\"application\/ld+json\" class=\"yoast-schema-graph\">{\"@context\":\"https:\\\/\\\/schema.org\",\"@graph\":[{\"@type\":\"WebPage\",\"@id\":\"https:\\\/\\\/www.konfeo.com\\\/es\\\/widgets\\\/\",\"url\":\"https:\\\/\\\/www.konfeo.com\\\/es\\\/widgets\\\/\",\"name\":\"Widgets para organizadores de eventos - Registro Online para Eventos | Konfeo\",\"isPartOf\":{\"@id\":\"https:\\\/\\\/www.konfeo.com\\\/es\\\/#website\"},\"primaryImageOfPage\":{\"@id\":\"https:\\\/\\\/www.konfeo.com\\\/es\\\/widgets\\\/#primaryimage\"},\"image\":{\"@id\":\"https:\\\/\\\/www.konfeo.com\\\/es\\\/widgets\\\/#primaryimage\"},\"thumbnailUrl\":\"https:\\\/\\\/www.konfeo.com\\\/es\\\/wp-content\\\/uploads\\\/sites\\\/4\\\/2023\\\/07\\\/Konfeo-demo-header-1-min.jpg\",\"datePublished\":\"2023-06-30T16:19:38+00:00\",\"dateModified\":\"2024-09-27T06:57:06+00:00\",\"inLanguage\":\"es\",\"potentialAction\":[{\"@type\":\"ReadAction\",\"target\":[\"https:\\\/\\\/www.konfeo.com\\\/es\\\/widgets\\\/\"]}]},{\"@type\":\"ImageObject\",\"inLanguage\":\"es\",\"@id\":\"https:\\\/\\\/www.konfeo.com\\\/es\\\/widgets\\\/#primaryimage\",\"url\":\"https:\\\/\\\/www.konfeo.com\\\/es\\\/wp-content\\\/uploads\\\/sites\\\/4\\\/2023\\\/07\\\/Konfeo-demo-header-1-min.jpg\",\"contentUrl\":\"https:\\\/\\\/www.konfeo.com\\\/es\\\/wp-content\\\/uploads\\\/sites\\\/4\\\/2023\\\/07\\\/Konfeo-demo-header-1-min.jpg\",\"width\":1280,\"height\":500},{\"@type\":\"WebSite\",\"@id\":\"https:\\\/\\\/www.konfeo.com\\\/es\\\/#website\",\"url\":\"https:\\\/\\\/www.konfeo.com\\\/es\\\/\",\"name\":\"Registro Online para Eventos\",\"description\":\"Software para venta de entradas para congresos y formaciones\",\"publisher\":{\"@id\":\"https:\\\/\\\/www.konfeo.com\\\/es\\\/#organization\"},\"potentialAction\":[{\"@type\":\"SearchAction\",\"target\":{\"@type\":\"EntryPoint\",\"urlTemplate\":\"https:\\\/\\\/www.konfeo.com\\\/es\\\/?s={search_term_string}\"},\"query-input\":{\"@type\":\"PropertyValueSpecification\",\"valueRequired\":true,\"valueName\":\"search_term_string\"}}],\"inLanguage\":\"es\"},{\"@type\":\"Organization\",\"@id\":\"https:\\\/\\\/www.konfeo.com\\\/es\\\/#organization\",\"name\":\"Konfeo\",\"url\":\"https:\\\/\\\/www.konfeo.com\\\/es\\\/\",\"logo\":{\"@type\":\"ImageObject\",\"inLanguage\":\"es\",\"@id\":\"https:\\\/\\\/www.konfeo.com\\\/es\\\/#\\\/schema\\\/logo\\\/image\\\/\",\"url\":\"https:\\\/\\\/www.konfeo.com\\\/es\\\/wp-content\\\/uploads\\\/sites\\\/4\\\/2023\\\/07\\\/Konfeo-icon-min.png\",\"contentUrl\":\"https:\\\/\\\/www.konfeo.com\\\/es\\\/wp-content\\\/uploads\\\/sites\\\/4\\\/2023\\\/07\\\/Konfeo-icon-min.png\",\"width\":595,\"height\":512,\"caption\":\"Konfeo\"},\"image\":{\"@id\":\"https:\\\/\\\/www.konfeo.com\\\/es\\\/#\\\/schema\\\/logo\\\/image\\\/\"},\"sameAs\":[\"https:\\\/\\\/www.facebook.com\\\/Konfeo\",\"https:\\\/\\\/x.com\\\/konfeo\",\"https:\\\/\\\/www.linkedin.com\\\/company\\\/konfeo\"]}]}<\/script>\n<!-- \/ Yoast SEO plugin. -->","yoast_head_json":{"title":"Widgets para organizadores de eventos - Registro Online para Eventos | Konfeo","robots":{"index":"index","follow":"follow","max-snippet":"max-snippet:-1","max-image-preview":"max-image-preview:large","max-video-preview":"max-video-preview:-1"},"canonical":"https:\/\/www.konfeo.com\/es\/widgets\/","og_locale":"es_ES","og_type":"article","og_title":"Widgets para organizadores de eventos - Registro Online para Eventos | Konfeo","og_description":"Muchos organizadores de eventos quieren tener control total sobre el dise\u00f1o de sus sitios web para administrar conferencias y congresos. Nuestro software de registro de eventos ofrece dos tipos de widgets: widget de formulario de registro de evento \u00fanico y widget de lista de eventos, que se pueden colocar pr\u00e1cticamente en cualquier lugar de la&hellip;&nbsp;Leer m\u00e1s &raquo;Widgets para organizadores de eventos","og_url":"https:\/\/www.konfeo.com\/es\/widgets\/","og_site_name":"Registro Online para Eventos | Konfeo","article_publisher":"https:\/\/www.facebook.com\/Konfeo","article_modified_time":"2024-09-27T06:57:06+00:00","og_image":[{"width":1280,"height":500,"url":"https:\/\/www.konfeo.com\/es\/wp-content\/uploads\/sites\/4\/2023\/07\/Konfeo-demo-header-1-min.jpg","type":"image\/jpeg"}],"twitter_card":"summary_large_image","twitter_site":"@konfeo","twitter_misc":{"Tiempo de lectura":"1 minuto"},"schema":{"@context":"https:\/\/schema.org","@graph":[{"@type":"WebPage","@id":"https:\/\/www.konfeo.com\/es\/widgets\/","url":"https:\/\/www.konfeo.com\/es\/widgets\/","name":"Widgets para organizadores de eventos - Registro Online para Eventos | Konfeo","isPartOf":{"@id":"https:\/\/www.konfeo.com\/es\/#website"},"primaryImageOfPage":{"@id":"https:\/\/www.konfeo.com\/es\/widgets\/#primaryimage"},"image":{"@id":"https:\/\/www.konfeo.com\/es\/widgets\/#primaryimage"},"thumbnailUrl":"https:\/\/www.konfeo.com\/es\/wp-content\/uploads\/sites\/4\/2023\/07\/Konfeo-demo-header-1-min.jpg","datePublished":"2023-06-30T16:19:38+00:00","dateModified":"2024-09-27T06:57:06+00:00","inLanguage":"es","potentialAction":[{"@type":"ReadAction","target":["https:\/\/www.konfeo.com\/es\/widgets\/"]}]},{"@type":"ImageObject","inLanguage":"es","@id":"https:\/\/www.konfeo.com\/es\/widgets\/#primaryimage","url":"https:\/\/www.konfeo.com\/es\/wp-content\/uploads\/sites\/4\/2023\/07\/Konfeo-demo-header-1-min.jpg","contentUrl":"https:\/\/www.konfeo.com\/es\/wp-content\/uploads\/sites\/4\/2023\/07\/Konfeo-demo-header-1-min.jpg","width":1280,"height":500},{"@type":"WebSite","@id":"https:\/\/www.konfeo.com\/es\/#website","url":"https:\/\/www.konfeo.com\/es\/","name":"Registro Online para Eventos","description":"Software para venta de entradas para congresos y formaciones","publisher":{"@id":"https:\/\/www.konfeo.com\/es\/#organization"},"potentialAction":[{"@type":"SearchAction","target":{"@type":"EntryPoint","urlTemplate":"https:\/\/www.konfeo.com\/es\/?s={search_term_string}"},"query-input":{"@type":"PropertyValueSpecification","valueRequired":true,"valueName":"search_term_string"}}],"inLanguage":"es"},{"@type":"Organization","@id":"https:\/\/www.konfeo.com\/es\/#organization","name":"Konfeo","url":"https:\/\/www.konfeo.com\/es\/","logo":{"@type":"ImageObject","inLanguage":"es","@id":"https:\/\/www.konfeo.com\/es\/#\/schema\/logo\/image\/","url":"https:\/\/www.konfeo.com\/es\/wp-content\/uploads\/sites\/4\/2023\/07\/Konfeo-icon-min.png","contentUrl":"https:\/\/www.konfeo.com\/es\/wp-content\/uploads\/sites\/4\/2023\/07\/Konfeo-icon-min.png","width":595,"height":512,"caption":"Konfeo"},"image":{"@id":"https:\/\/www.konfeo.com\/es\/#\/schema\/logo\/image\/"},"sameAs":["https:\/\/www.facebook.com\/Konfeo","https:\/\/x.com\/konfeo","https:\/\/www.linkedin.com\/company\/konfeo"]}]}},"_links":{"self":[{"href":"https:\/\/www.konfeo.com\/es\/wp-json\/wp\/v2\/pages\/5","targetHints":{"allow":["GET"]}}],"collection":[{"href":"https:\/\/www.konfeo.com\/es\/wp-json\/wp\/v2\/pages"}],"about":[{"href":"https:\/\/www.konfeo.com\/es\/wp-json\/wp\/v2\/types\/page"}],"author":[{"embeddable":true,"href":"https:\/\/www.konfeo.com\/es\/wp-json\/wp\/v2\/users\/1"}],"replies":[{"embeddable":true,"href":"https:\/\/www.konfeo.com\/es\/wp-json\/wp\/v2\/comments?post=5"}],"version-history":[{"count":2,"href":"https:\/\/www.konfeo.com\/es\/wp-json\/wp\/v2\/pages\/5\/revisions"}],"predecessor-version":[{"id":213,"href":"https:\/\/www.konfeo.com\/es\/wp-json\/wp\/v2\/pages\/5\/revisions\/213"}],"wp:featuredmedia":[{"embeddable":true,"href":"https:\/\/www.konfeo.com\/es\/wp-json\/wp\/v2\/media\/34"}],"wp:attachment":[{"href":"https:\/\/www.konfeo.com\/es\/wp-json\/wp\/v2\/media?parent=5"}],"curies":[{"name":"wp","href":"https:\/\/api.w.org\/{rel}","templated":true}]}}