{"id":3552,"date":"2023-08-07T16:42:51","date_gmt":"2023-08-07T14:42:51","guid":{"rendered":"https:\/\/www.konfeo.com\/en\/?page_id=3552"},"modified":"2025-01-23T18:05:27","modified_gmt":"2025-01-23T17:05:27","slug":"personal-data-processors","status":"publish","type":"page","link":"https:\/\/www.konfeo.com\/en\/personal-data-processors\/","title":{"rendered":"Personal data processors"},"content":{"rendered":"\n<p>Select your language<\/p>\n\n\n\n<div id=\"google_translate_element\"><\/div><script type=\"text\/javascript\">\nfunction googleTranslateElementInit() {\n  new google.translate.TranslateElement({pageLanguage: 'pl', layout: google.translate.TranslateElement.InlineLayout.SIMPLE}, 'google_translate_element');\n}\n<\/script><script type=\"text\/javascript\" src=\"\/\/translate.google.com\/translate_a\/element.js?cb=googleTranslateElementInit\"><\/script>\n\n\n\n<div style=\"height:40px\" aria-hidden=\"true\" class=\"wp-block-spacer\"><\/div>\n\n\n<p>W ramach prowadzenia i utrzymania serwisu oraz \u015bwiadczenia us\u0142ug na rzecz u\u017cytkownik\u00f3w mo\u017cemy przekazywa\u0107 dane osobowe do dostawc\u00f3w \u015bwiadcz\u0105cych us\u0142ugi na rzecz Konfeo, tzw. odbiorc\u00f3w danych. Pe\u0142en wykaz odbiorc\u00f3w znajduje si\u0119 poni\u017cej:<\/p>\n<p><strong>Podmioty obs\u0142uguj\u0105ce monitorowanie poprawno\u015bci dzia\u0142ania systemu Konfeo:<\/strong><br \/>AppSignal (P.O. Box 10212, 1001EE Amsterdam, The Netherlands)<\/p>\n<p><strong>Podmioty obs\u0142uguj\u0105ce wysy\u0142k\u0119 wiadomo\u015bci e-mail:<\/strong><br \/>ActiveCampaign, LLC, marka Postmark (1 N Dearborn St, Chicago, IL 60602, USA)<br \/>The Rocket Science Group, LLC; marka MailChimp (675 Ponce de Leon Ave NE, Suite 5000, Atlanta, GA 30308, USA)<\/p>\n<p><strong>Podmioty obs\u0142uguj\u0105ce hosting serwer\u00f3w:<\/strong><br \/>Amazon Web Services EMEA SARL Sp. z o.o. Oddzia\u0142 w Polsce (Generation Park Z, 9th Floor ul. Towarowa 28 00-839 Warszawa, Poland)<br \/>DigitalOcean, LLC. (101 6th Ave, New York, NY, USA)<\/p>\n<p><strong>Podmiot obs\u0142uguj\u0105cy oprogramowanie do prowadzenia ksi\u0119gowo\u015bci:<\/strong><br \/>IFIRMA SA (Grabiszy\u0144ska 241 B, 53-234 Wroc\u0142aw, Polska)<\/p>\n<p><strong>Operatorzy p\u0142atno\u015bci elektronicznych:<\/strong><br \/>Stripe, Inc. (354 Oyster Point Blvd, South San Francisco, USA)<br \/>PayPal Pte. Ltd. (2211 North First Street, San Jose, California 95131, USA)<br \/>PayPro SA; marka Przelewy24 (ul. Kanclerska 15, 60-327 Pozna\u0144, Polska)<br \/>Krajowy Integrator P\u0142atno\u015bci S.A.; marka Tpay (ul. \u015aw. Marcin 73\/6, 61-808 Pozna\u0144, Polska)<\/p>","protected":false},"excerpt":{"rendered":"<p>Select your language W ramach prowadzenia i utrzymania serwisu oraz \u015bwiadczenia us\u0142ug na rzecz u\u017cytkownik\u00f3w mo\u017cemy przekazywa\u0107 dane osobowe do dostawc\u00f3w \u015bwiadcz\u0105cych us\u0142ugi na rzecz Konfeo, tzw. odbiorc\u00f3w danych. Pe\u0142en wykaz odbiorc\u00f3w znajduje si\u0119 poni\u017cej: Podmioty obs\u0142uguj\u0105ce monitorowanie poprawno\u015bci dzia\u0142ania systemu Konfeo:AppSignal (P.O. Box 10212, 1001EE Amsterdam, The Netherlands) Podmioty obs\u0142uguj\u0105ce wysy\u0142k\u0119 wiadomo\u015bci e-mail:ActiveCampaign, LLC,&hellip;&nbsp;<a href=\"https:\/\/www.konfeo.com\/en\/personal-data-processors\/\" rel=\"bookmark\">Read More &raquo;<span class=\"screen-reader-text\">Personal data processors<\/span><\/a><\/p>\n","protected":false},"author":1,"featured_media":3046,"parent":0,"menu_order":0,"comment_status":"closed","ping_status":"closed","template":"","meta":{"inline_featured_image":false,"neve_meta_sidebar":"","neve_meta_container":"","neve_meta_enable_content_width":"","neve_meta_content_width":0,"neve_meta_title_alignment":"","neve_meta_author_avatar":"","neve_post_elements_order":"","neve_meta_disable_header":"","neve_meta_disable_footer":"","neve_meta_disable_title":"","footnotes":""},"class_list":["post-3552","page","type-page","status-publish","has-post-thumbnail","hentry"],"yoast_head":"<!-- This site is optimized with the Yoast SEO plugin v27.3 - https:\/\/yoast.com\/product\/yoast-seo-wordpress\/ -->\n<title>Personal data processors - Online event registration software | Konfeo<\/title>\n<meta name=\"robots\" content=\"index, follow, max-snippet:-1, max-image-preview:large, max-video-preview:-1\" \/>\n<link rel=\"canonical\" href=\"https:\/\/www.konfeo.com\/en\/personal-data-processors\/\" \/>\n<meta property=\"og:locale\" content=\"en_US\" \/>\n<meta property=\"og:type\" content=\"article\" \/>\n<meta property=\"og:title\" content=\"Personal data processors - Online event registration software | Konfeo\" \/>\n<meta property=\"og:description\" content=\"Select your language W ramach prowadzenia i utrzymania serwisu oraz \u015bwiadczenia us\u0142ug na rzecz u\u017cytkownik\u00f3w mo\u017cemy przekazywa\u0107 dane osobowe do dostawc\u00f3w \u015bwiadcz\u0105cych us\u0142ugi na rzecz Konfeo, tzw. odbiorc\u00f3w danych. Pe\u0142en wykaz odbiorc\u00f3w znajduje si\u0119 poni\u017cej: Podmioty obs\u0142uguj\u0105ce monitorowanie poprawno\u015bci dzia\u0142ania systemu Konfeo:AppSignal (P.O. Box 10212, 1001EE Amsterdam, The Netherlands) Podmioty obs\u0142uguj\u0105ce wysy\u0142k\u0119 wiadomo\u015bci e-mail:ActiveCampaign, LLC,&hellip;&nbsp;Read More &raquo;Personal data processors\" \/>\n<meta property=\"og:url\" content=\"https:\/\/www.konfeo.com\/en\/personal-data-processors\/\" \/>\n<meta property=\"og:site_name\" content=\"Online event registration software | Konfeo\" \/>\n<meta property=\"article:publisher\" content=\"https:\/\/www.facebook.com\/Konfeo\" \/>\n<meta property=\"article:modified_time\" content=\"2025-01-23T17:05:27+00:00\" \/>\n<meta property=\"og:image\" content=\"https:\/\/www.konfeo.com\/en\/wp-content\/uploads\/sites\/3\/2023\/07\/Konfeo-demo-header-4-min.jpg\" \/>\n\t<meta property=\"og:image:width\" content=\"1280\" \/>\n\t<meta property=\"og:image:height\" content=\"500\" \/>\n\t<meta property=\"og:image:type\" content=\"image\/jpeg\" \/>\n<meta name=\"twitter:card\" content=\"summary_large_image\" \/>\n<meta name=\"twitter:site\" content=\"@konfeo\" \/>\n<meta name=\"twitter:label1\" content=\"Est. reading time\" \/>\n\t<meta name=\"twitter:data1\" content=\"2 minutes\" \/>\n<script type=\"application\/ld+json\" class=\"yoast-schema-graph\">{\"@context\":\"https:\\\/\\\/schema.org\",\"@graph\":[{\"@type\":\"WebPage\",\"@id\":\"https:\\\/\\\/www.konfeo.com\\\/en\\\/personal-data-processors\\\/\",\"url\":\"https:\\\/\\\/www.konfeo.com\\\/en\\\/personal-data-processors\\\/\",\"name\":\"Personal data processors - Online event registration software | Konfeo\",\"isPartOf\":{\"@id\":\"https:\\\/\\\/www.konfeo.com\\\/en\\\/#website\"},\"primaryImageOfPage\":{\"@id\":\"https:\\\/\\\/www.konfeo.com\\\/en\\\/personal-data-processors\\\/#primaryimage\"},\"image\":{\"@id\":\"https:\\\/\\\/www.konfeo.com\\\/en\\\/personal-data-processors\\\/#primaryimage\"},\"thumbnailUrl\":\"https:\\\/\\\/www.konfeo.com\\\/en\\\/wp-content\\\/uploads\\\/sites\\\/3\\\/2023\\\/07\\\/Konfeo-demo-header-4-min.jpg\",\"datePublished\":\"2023-08-07T14:42:51+00:00\",\"dateModified\":\"2025-01-23T17:05:27+00:00\",\"inLanguage\":\"en-US\",\"potentialAction\":[{\"@type\":\"ReadAction\",\"target\":[\"https:\\\/\\\/www.konfeo.com\\\/en\\\/personal-data-processors\\\/\"]}]},{\"@type\":\"ImageObject\",\"inLanguage\":\"en-US\",\"@id\":\"https:\\\/\\\/www.konfeo.com\\\/en\\\/personal-data-processors\\\/#primaryimage\",\"url\":\"https:\\\/\\\/www.konfeo.com\\\/en\\\/wp-content\\\/uploads\\\/sites\\\/3\\\/2023\\\/07\\\/Konfeo-demo-header-4-min.jpg\",\"contentUrl\":\"https:\\\/\\\/www.konfeo.com\\\/en\\\/wp-content\\\/uploads\\\/sites\\\/3\\\/2023\\\/07\\\/Konfeo-demo-header-4-min.jpg\",\"width\":1280,\"height\":500},{\"@type\":\"WebSite\",\"@id\":\"https:\\\/\\\/www.konfeo.com\\\/en\\\/#website\",\"url\":\"https:\\\/\\\/www.konfeo.com\\\/en\\\/\",\"name\":\"The fastest online event registration software\",\"description\":\"Software for selling tickets for conferences and training\",\"publisher\":{\"@id\":\"https:\\\/\\\/www.konfeo.com\\\/en\\\/#organization\"},\"potentialAction\":[{\"@type\":\"SearchAction\",\"target\":{\"@type\":\"EntryPoint\",\"urlTemplate\":\"https:\\\/\\\/www.konfeo.com\\\/en\\\/?s={search_term_string}\"},\"query-input\":{\"@type\":\"PropertyValueSpecification\",\"valueRequired\":true,\"valueName\":\"search_term_string\"}}],\"inLanguage\":\"en-US\"},{\"@type\":\"Organization\",\"@id\":\"https:\\\/\\\/www.konfeo.com\\\/en\\\/#organization\",\"name\":\"Konfeo\",\"url\":\"https:\\\/\\\/www.konfeo.com\\\/en\\\/\",\"logo\":{\"@type\":\"ImageObject\",\"inLanguage\":\"en-US\",\"@id\":\"https:\\\/\\\/www.konfeo.com\\\/en\\\/#\\\/schema\\\/logo\\\/image\\\/\",\"url\":\"https:\\\/\\\/www.konfeo.com\\\/en\\\/wp-content\\\/uploads\\\/sites\\\/3\\\/2023\\\/06\\\/Konfeo-icon-min.png\",\"contentUrl\":\"https:\\\/\\\/www.konfeo.com\\\/en\\\/wp-content\\\/uploads\\\/sites\\\/3\\\/2023\\\/06\\\/Konfeo-icon-min.png\",\"width\":595,\"height\":512,\"caption\":\"Konfeo\"},\"image\":{\"@id\":\"https:\\\/\\\/www.konfeo.com\\\/en\\\/#\\\/schema\\\/logo\\\/image\\\/\"},\"sameAs\":[\"https:\\\/\\\/www.facebook.com\\\/Konfeo\",\"https:\\\/\\\/x.com\\\/konfeo\",\"https:\\\/\\\/www.linkedin.com\\\/company\\\/konfeo\"]}]}<\/script>\n<!-- \/ Yoast SEO plugin. -->","yoast_head_json":{"title":"Personal data processors - Online event registration software | Konfeo","robots":{"index":"index","follow":"follow","max-snippet":"max-snippet:-1","max-image-preview":"max-image-preview:large","max-video-preview":"max-video-preview:-1"},"canonical":"https:\/\/www.konfeo.com\/en\/personal-data-processors\/","og_locale":"en_US","og_type":"article","og_title":"Personal data processors - Online event registration software | Konfeo","og_description":"Select your language W ramach prowadzenia i utrzymania serwisu oraz \u015bwiadczenia us\u0142ug na rzecz u\u017cytkownik\u00f3w mo\u017cemy przekazywa\u0107 dane osobowe do dostawc\u00f3w \u015bwiadcz\u0105cych us\u0142ugi na rzecz Konfeo, tzw. odbiorc\u00f3w danych. Pe\u0142en wykaz odbiorc\u00f3w znajduje si\u0119 poni\u017cej: Podmioty obs\u0142uguj\u0105ce monitorowanie poprawno\u015bci dzia\u0142ania systemu Konfeo:AppSignal (P.O. Box 10212, 1001EE Amsterdam, The Netherlands) Podmioty obs\u0142uguj\u0105ce wysy\u0142k\u0119 wiadomo\u015bci e-mail:ActiveCampaign, LLC,&hellip;&nbsp;Read More &raquo;Personal data processors","og_url":"https:\/\/www.konfeo.com\/en\/personal-data-processors\/","og_site_name":"Online event registration software | Konfeo","article_publisher":"https:\/\/www.facebook.com\/Konfeo","article_modified_time":"2025-01-23T17:05:27+00:00","og_image":[{"width":1280,"height":500,"url":"https:\/\/www.konfeo.com\/en\/wp-content\/uploads\/sites\/3\/2023\/07\/Konfeo-demo-header-4-min.jpg","type":"image\/jpeg"}],"twitter_card":"summary_large_image","twitter_site":"@konfeo","twitter_misc":{"Est. reading time":"2 minutes"},"schema":{"@context":"https:\/\/schema.org","@graph":[{"@type":"WebPage","@id":"https:\/\/www.konfeo.com\/en\/personal-data-processors\/","url":"https:\/\/www.konfeo.com\/en\/personal-data-processors\/","name":"Personal data processors - Online event registration software | Konfeo","isPartOf":{"@id":"https:\/\/www.konfeo.com\/en\/#website"},"primaryImageOfPage":{"@id":"https:\/\/www.konfeo.com\/en\/personal-data-processors\/#primaryimage"},"image":{"@id":"https:\/\/www.konfeo.com\/en\/personal-data-processors\/#primaryimage"},"thumbnailUrl":"https:\/\/www.konfeo.com\/en\/wp-content\/uploads\/sites\/3\/2023\/07\/Konfeo-demo-header-4-min.jpg","datePublished":"2023-08-07T14:42:51+00:00","dateModified":"2025-01-23T17:05:27+00:00","inLanguage":"en-US","potentialAction":[{"@type":"ReadAction","target":["https:\/\/www.konfeo.com\/en\/personal-data-processors\/"]}]},{"@type":"ImageObject","inLanguage":"en-US","@id":"https:\/\/www.konfeo.com\/en\/personal-data-processors\/#primaryimage","url":"https:\/\/www.konfeo.com\/en\/wp-content\/uploads\/sites\/3\/2023\/07\/Konfeo-demo-header-4-min.jpg","contentUrl":"https:\/\/www.konfeo.com\/en\/wp-content\/uploads\/sites\/3\/2023\/07\/Konfeo-demo-header-4-min.jpg","width":1280,"height":500},{"@type":"WebSite","@id":"https:\/\/www.konfeo.com\/en\/#website","url":"https:\/\/www.konfeo.com\/en\/","name":"The fastest online event registration software","description":"Software for selling tickets for conferences and training","publisher":{"@id":"https:\/\/www.konfeo.com\/en\/#organization"},"potentialAction":[{"@type":"SearchAction","target":{"@type":"EntryPoint","urlTemplate":"https:\/\/www.konfeo.com\/en\/?s={search_term_string}"},"query-input":{"@type":"PropertyValueSpecification","valueRequired":true,"valueName":"search_term_string"}}],"inLanguage":"en-US"},{"@type":"Organization","@id":"https:\/\/www.konfeo.com\/en\/#organization","name":"Konfeo","url":"https:\/\/www.konfeo.com\/en\/","logo":{"@type":"ImageObject","inLanguage":"en-US","@id":"https:\/\/www.konfeo.com\/en\/#\/schema\/logo\/image\/","url":"https:\/\/www.konfeo.com\/en\/wp-content\/uploads\/sites\/3\/2023\/06\/Konfeo-icon-min.png","contentUrl":"https:\/\/www.konfeo.com\/en\/wp-content\/uploads\/sites\/3\/2023\/06\/Konfeo-icon-min.png","width":595,"height":512,"caption":"Konfeo"},"image":{"@id":"https:\/\/www.konfeo.com\/en\/#\/schema\/logo\/image\/"},"sameAs":["https:\/\/www.facebook.com\/Konfeo","https:\/\/x.com\/konfeo","https:\/\/www.linkedin.com\/company\/konfeo"]}]}},"_links":{"self":[{"href":"https:\/\/www.konfeo.com\/en\/wp-json\/wp\/v2\/pages\/3552","targetHints":{"allow":["GET"]}}],"collection":[{"href":"https:\/\/www.konfeo.com\/en\/wp-json\/wp\/v2\/pages"}],"about":[{"href":"https:\/\/www.konfeo.com\/en\/wp-json\/wp\/v2\/types\/page"}],"author":[{"embeddable":true,"href":"https:\/\/www.konfeo.com\/en\/wp-json\/wp\/v2\/users\/1"}],"replies":[{"embeddable":true,"href":"https:\/\/www.konfeo.com\/en\/wp-json\/wp\/v2\/comments?post=3552"}],"version-history":[{"count":3,"href":"https:\/\/www.konfeo.com\/en\/wp-json\/wp\/v2\/pages\/3552\/revisions"}],"predecessor-version":[{"id":3814,"href":"https:\/\/www.konfeo.com\/en\/wp-json\/wp\/v2\/pages\/3552\/revisions\/3814"}],"wp:featuredmedia":[{"embeddable":true,"href":"https:\/\/www.konfeo.com\/en\/wp-json\/wp\/v2\/media\/3046"}],"wp:attachment":[{"href":"https:\/\/www.konfeo.com\/en\/wp-json\/wp\/v2\/media?parent=3552"}],"curies":[{"name":"wp","href":"https:\/\/api.w.org\/{rel}","templated":true}]}}