{"id":5,"date":"2023-06-30T18:17:34","date_gmt":"2023-06-30T16:17:34","guid":{"rendered":"https:\/\/www.konfeo.com\/cz\/demo\/"},"modified":"2024-02-21T11:49:31","modified_gmt":"2024-02-21T10:49:31","slug":"demo","status":"publish","type":"page","link":"https:\/\/www.konfeo.com\/cz\/demo\/","title":{"rendered":"Demo"},"content":{"rendered":"\n<p class=\"has-text-align-center\">Nejrychlej\u0161\u00ed software pro registraci ud\u00e1lost\u00ed \u2013 vyzkou\u0161ejte jej. Sta\u010d\u00ed se p\u0159ihl\u00e1sit pomoc\u00ed n\u00e1sleduj\u00edc\u00edch \u00fadaj\u016f:<\/p>\n\n\n\n<p class=\"has-text-align-center has-medium-font-size\">Login:&nbsp;<strong>demo@konfeo.com<\/strong>&nbsp;| Heslo:&nbsp;<strong>Demo123#<\/strong><\/p>\n\n\n\n<div class=\"wp-block-buttons is-content-justification-center is-layout-flex wp-container-core-buttons-is-layout-16018d1d wp-block-buttons-is-layout-flex\">\n<div class=\"wp-block-button is-style-primary\"><a class=\"wp-block-button__link wp-element-button\" href=\"https:\/\/admin.konfeo.com\/en\/users\/sign_in?email=demo%40konfeo.com&amp;utm_source=www&amp;utm_medium=cz&amp;utm_campaign=demo\" target=\"_blank\" rel=\"noreferrer noopener\">Log in<\/a><\/div>\n<\/div>\n\n\n\n<div style=\"height:100px\" aria-hidden=\"true\" class=\"wp-block-spacer\"><\/div>\n","protected":false},"excerpt":{"rendered":"<p>Nejrychlej\u0161\u00ed software pro registraci ud\u00e1lost\u00ed \u2013 vyzkou\u0161ejte jej. Sta\u010d\u00ed se p\u0159ihl\u00e1sit pomoc\u00ed n\u00e1sleduj\u00edc\u00edch \u00fadaj\u016f: Login:&nbsp;demo@konfeo.com&nbsp;| Heslo:&nbsp;Demo123#<\/p>\n","protected":false},"author":1,"featured_media":22,"parent":0,"menu_order":0,"comment_status":"closed","ping_status":"closed","template":"","meta":{"inline_featured_image":false,"neve_meta_sidebar":"","neve_meta_container":"","neve_meta_enable_content_width":"","neve_meta_content_width":0,"neve_meta_title_alignment":"","neve_meta_author_avatar":"","neve_post_elements_order":"","neve_meta_disable_header":"","neve_meta_disable_footer":"","neve_meta_disable_title":"","footnotes":""},"class_list":["post-5","page","type-page","status-publish","has-post-thumbnail","hentry"],"yoast_head":"<!-- This site is optimized with the Yoast SEO plugin v27.4 - https:\/\/yoast.com\/product\/yoast-seo-wordpress\/ -->\n<title>Demo - Syst\u00e9m registrace \u00fa\u010dastn\u00edk\u016f | Konfeo<\/title>\n<meta name=\"robots\" content=\"index, follow, max-snippet:-1, max-image-preview:large, max-video-preview:-1\" \/>\n<link rel=\"canonical\" href=\"https:\/\/www.konfeo.com\/cz\/demo\/\" \/>\n<meta property=\"og:locale\" content=\"cs_CZ\" \/>\n<meta property=\"og:type\" content=\"article\" \/>\n<meta property=\"og:title\" content=\"Demo - Syst\u00e9m registrace \u00fa\u010dastn\u00edk\u016f | Konfeo\" \/>\n<meta property=\"og:description\" content=\"Nejrychlej\u0161\u00ed software pro registraci ud\u00e1lost\u00ed \u2013 vyzkou\u0161ejte jej. Sta\u010d\u00ed se p\u0159ihl\u00e1sit pomoc\u00ed n\u00e1sleduj\u00edc\u00edch \u00fadaj\u016f: Login:&nbsp;demo@konfeo.com&nbsp;| Heslo:&nbsp;Demo123#\" \/>\n<meta property=\"og:url\" content=\"https:\/\/www.konfeo.com\/cz\/demo\/\" \/>\n<meta property=\"og:site_name\" content=\"Syst\u00e9m registrace \u00fa\u010dastn\u00edk\u016f | Konfeo\" \/>\n<meta property=\"article:publisher\" content=\"https:\/\/www.facebook.com\/Konfeo\" \/>\n<meta property=\"article:modified_time\" content=\"2024-02-21T10:49:31+00:00\" \/>\n<meta property=\"og:image\" content=\"https:\/\/www.konfeo.com\/cz\/wp-content\/uploads\/sites\/8\/2023\/07\/Konfeo-demo-header-1-min.jpg\" \/>\n\t<meta property=\"og:image:width\" content=\"1280\" \/>\n\t<meta property=\"og:image:height\" content=\"500\" \/>\n\t<meta property=\"og:image:type\" content=\"image\/jpeg\" \/>\n<meta name=\"twitter:card\" content=\"summary_large_image\" \/>\n<meta name=\"twitter:site\" content=\"@konfeo\" \/>\n<meta name=\"twitter:label1\" content=\"Odhadovan\u00e1 doba \u010dten\u00ed\" \/>\n\t<meta name=\"twitter:data1\" content=\"1 minuta\" \/>\n<script type=\"application\/ld+json\" class=\"yoast-schema-graph\">{\"@context\":\"https:\\\/\\\/schema.org\",\"@graph\":[{\"@type\":\"WebPage\",\"@id\":\"https:\\\/\\\/www.konfeo.com\\\/cz\\\/demo\\\/\",\"url\":\"https:\\\/\\\/www.konfeo.com\\\/cz\\\/demo\\\/\",\"name\":\"Demo - Syst\u00e9m registrace \u00fa\u010dastn\u00edk\u016f | Konfeo\",\"isPartOf\":{\"@id\":\"https:\\\/\\\/www.konfeo.com\\\/cz\\\/#website\"},\"primaryImageOfPage\":{\"@id\":\"https:\\\/\\\/www.konfeo.com\\\/cz\\\/demo\\\/#primaryimage\"},\"image\":{\"@id\":\"https:\\\/\\\/www.konfeo.com\\\/cz\\\/demo\\\/#primaryimage\"},\"thumbnailUrl\":\"https:\\\/\\\/www.konfeo.com\\\/cz\\\/wp-content\\\/uploads\\\/sites\\\/8\\\/2023\\\/07\\\/Konfeo-demo-header-1-min.jpg\",\"datePublished\":\"2023-06-30T16:17:34+00:00\",\"dateModified\":\"2024-02-21T10:49:31+00:00\",\"inLanguage\":\"cs\",\"potentialAction\":[{\"@type\":\"ReadAction\",\"target\":[\"https:\\\/\\\/www.konfeo.com\\\/cz\\\/demo\\\/\"]}]},{\"@type\":\"ImageObject\",\"inLanguage\":\"cs\",\"@id\":\"https:\\\/\\\/www.konfeo.com\\\/cz\\\/demo\\\/#primaryimage\",\"url\":\"https:\\\/\\\/www.konfeo.com\\\/cz\\\/wp-content\\\/uploads\\\/sites\\\/8\\\/2023\\\/07\\\/Konfeo-demo-header-1-min.jpg\",\"contentUrl\":\"https:\\\/\\\/www.konfeo.com\\\/cz\\\/wp-content\\\/uploads\\\/sites\\\/8\\\/2023\\\/07\\\/Konfeo-demo-header-1-min.jpg\",\"width\":1280,\"height\":500},{\"@type\":\"WebSite\",\"@id\":\"https:\\\/\\\/www.konfeo.com\\\/cz\\\/#website\",\"url\":\"https:\\\/\\\/www.konfeo.com\\\/cz\\\/\",\"name\":\"Nejrychlej\u0161\u00ed syst\u00e9m registrace \u00fa\u010dastn\u00edk\u016f\",\"description\":\"Software pro prodej vstupenek na konference a \u0161kolen\u00ed\",\"publisher\":{\"@id\":\"https:\\\/\\\/www.konfeo.com\\\/cz\\\/#organization\"},\"potentialAction\":[{\"@type\":\"SearchAction\",\"target\":{\"@type\":\"EntryPoint\",\"urlTemplate\":\"https:\\\/\\\/www.konfeo.com\\\/cz\\\/?s={search_term_string}\"},\"query-input\":{\"@type\":\"PropertyValueSpecification\",\"valueRequired\":true,\"valueName\":\"search_term_string\"}}],\"inLanguage\":\"cs\"},{\"@type\":\"Organization\",\"@id\":\"https:\\\/\\\/www.konfeo.com\\\/cz\\\/#organization\",\"name\":\"Konfeo\",\"url\":\"https:\\\/\\\/www.konfeo.com\\\/cz\\\/\",\"logo\":{\"@type\":\"ImageObject\",\"inLanguage\":\"cs\",\"@id\":\"https:\\\/\\\/www.konfeo.com\\\/cz\\\/#\\\/schema\\\/logo\\\/image\\\/\",\"url\":\"https:\\\/\\\/www.konfeo.com\\\/cz\\\/wp-content\\\/uploads\\\/sites\\\/8\\\/2023\\\/07\\\/Konfeo-icon-min.png\",\"contentUrl\":\"https:\\\/\\\/www.konfeo.com\\\/cz\\\/wp-content\\\/uploads\\\/sites\\\/8\\\/2023\\\/07\\\/Konfeo-icon-min.png\",\"width\":595,\"height\":512,\"caption\":\"Konfeo\"},\"image\":{\"@id\":\"https:\\\/\\\/www.konfeo.com\\\/cz\\\/#\\\/schema\\\/logo\\\/image\\\/\"},\"sameAs\":[\"https:\\\/\\\/www.facebook.com\\\/Konfeo\",\"https:\\\/\\\/x.com\\\/konfeo\",\"https:\\\/\\\/www.linkedin.com\\\/company\\\/konfeo\"]}]}<\/script>\n<!-- \/ Yoast SEO plugin. -->","yoast_head_json":{"title":"Demo - Syst\u00e9m registrace \u00fa\u010dastn\u00edk\u016f | Konfeo","robots":{"index":"index","follow":"follow","max-snippet":"max-snippet:-1","max-image-preview":"max-image-preview:large","max-video-preview":"max-video-preview:-1"},"canonical":"https:\/\/www.konfeo.com\/cz\/demo\/","og_locale":"cs_CZ","og_type":"article","og_title":"Demo - Syst\u00e9m registrace \u00fa\u010dastn\u00edk\u016f | Konfeo","og_description":"Nejrychlej\u0161\u00ed software pro registraci ud\u00e1lost\u00ed \u2013 vyzkou\u0161ejte jej. Sta\u010d\u00ed se p\u0159ihl\u00e1sit pomoc\u00ed n\u00e1sleduj\u00edc\u00edch \u00fadaj\u016f: Login:&nbsp;demo@konfeo.com&nbsp;| Heslo:&nbsp;Demo123#","og_url":"https:\/\/www.konfeo.com\/cz\/demo\/","og_site_name":"Syst\u00e9m registrace \u00fa\u010dastn\u00edk\u016f | Konfeo","article_publisher":"https:\/\/www.facebook.com\/Konfeo","article_modified_time":"2024-02-21T10:49:31+00:00","og_image":[{"width":1280,"height":500,"url":"https:\/\/www.konfeo.com\/cz\/wp-content\/uploads\/sites\/8\/2023\/07\/Konfeo-demo-header-1-min.jpg","type":"image\/jpeg"}],"twitter_card":"summary_large_image","twitter_site":"@konfeo","twitter_misc":{"Odhadovan\u00e1 doba \u010dten\u00ed":"1 minuta"},"schema":{"@context":"https:\/\/schema.org","@graph":[{"@type":"WebPage","@id":"https:\/\/www.konfeo.com\/cz\/demo\/","url":"https:\/\/www.konfeo.com\/cz\/demo\/","name":"Demo - Syst\u00e9m registrace \u00fa\u010dastn\u00edk\u016f | Konfeo","isPartOf":{"@id":"https:\/\/www.konfeo.com\/cz\/#website"},"primaryImageOfPage":{"@id":"https:\/\/www.konfeo.com\/cz\/demo\/#primaryimage"},"image":{"@id":"https:\/\/www.konfeo.com\/cz\/demo\/#primaryimage"},"thumbnailUrl":"https:\/\/www.konfeo.com\/cz\/wp-content\/uploads\/sites\/8\/2023\/07\/Konfeo-demo-header-1-min.jpg","datePublished":"2023-06-30T16:17:34+00:00","dateModified":"2024-02-21T10:49:31+00:00","inLanguage":"cs","potentialAction":[{"@type":"ReadAction","target":["https:\/\/www.konfeo.com\/cz\/demo\/"]}]},{"@type":"ImageObject","inLanguage":"cs","@id":"https:\/\/www.konfeo.com\/cz\/demo\/#primaryimage","url":"https:\/\/www.konfeo.com\/cz\/wp-content\/uploads\/sites\/8\/2023\/07\/Konfeo-demo-header-1-min.jpg","contentUrl":"https:\/\/www.konfeo.com\/cz\/wp-content\/uploads\/sites\/8\/2023\/07\/Konfeo-demo-header-1-min.jpg","width":1280,"height":500},{"@type":"WebSite","@id":"https:\/\/www.konfeo.com\/cz\/#website","url":"https:\/\/www.konfeo.com\/cz\/","name":"Nejrychlej\u0161\u00ed syst\u00e9m registrace \u00fa\u010dastn\u00edk\u016f","description":"Software pro prodej vstupenek na konference a \u0161kolen\u00ed","publisher":{"@id":"https:\/\/www.konfeo.com\/cz\/#organization"},"potentialAction":[{"@type":"SearchAction","target":{"@type":"EntryPoint","urlTemplate":"https:\/\/www.konfeo.com\/cz\/?s={search_term_string}"},"query-input":{"@type":"PropertyValueSpecification","valueRequired":true,"valueName":"search_term_string"}}],"inLanguage":"cs"},{"@type":"Organization","@id":"https:\/\/www.konfeo.com\/cz\/#organization","name":"Konfeo","url":"https:\/\/www.konfeo.com\/cz\/","logo":{"@type":"ImageObject","inLanguage":"cs","@id":"https:\/\/www.konfeo.com\/cz\/#\/schema\/logo\/image\/","url":"https:\/\/www.konfeo.com\/cz\/wp-content\/uploads\/sites\/8\/2023\/07\/Konfeo-icon-min.png","contentUrl":"https:\/\/www.konfeo.com\/cz\/wp-content\/uploads\/sites\/8\/2023\/07\/Konfeo-icon-min.png","width":595,"height":512,"caption":"Konfeo"},"image":{"@id":"https:\/\/www.konfeo.com\/cz\/#\/schema\/logo\/image\/"},"sameAs":["https:\/\/www.facebook.com\/Konfeo","https:\/\/x.com\/konfeo","https:\/\/www.linkedin.com\/company\/konfeo"]}]}},"_links":{"self":[{"href":"https:\/\/www.konfeo.com\/cz\/wp-json\/wp\/v2\/pages\/5","targetHints":{"allow":["GET"]}}],"collection":[{"href":"https:\/\/www.konfeo.com\/cz\/wp-json\/wp\/v2\/pages"}],"about":[{"href":"https:\/\/www.konfeo.com\/cz\/wp-json\/wp\/v2\/types\/page"}],"author":[{"embeddable":true,"href":"https:\/\/www.konfeo.com\/cz\/wp-json\/wp\/v2\/users\/1"}],"replies":[{"embeddable":true,"href":"https:\/\/www.konfeo.com\/cz\/wp-json\/wp\/v2\/comments?post=5"}],"version-history":[{"count":1,"href":"https:\/\/www.konfeo.com\/cz\/wp-json\/wp\/v2\/pages\/5\/revisions"}],"predecessor-version":[{"id":85,"href":"https:\/\/www.konfeo.com\/cz\/wp-json\/wp\/v2\/pages\/5\/revisions\/85"}],"wp:featuredmedia":[{"embeddable":true,"href":"https:\/\/www.konfeo.com\/cz\/wp-json\/wp\/v2\/media\/22"}],"wp:attachment":[{"href":"https:\/\/www.konfeo.com\/cz\/wp-json\/wp\/v2\/media?parent=5"}],"curies":[{"name":"wp","href":"https:\/\/api.w.org\/{rel}","templated":true}]}}