{"id":3,"date":"2023-07-05T13:15:30","date_gmt":"2023-07-05T11:15:30","guid":{"rendered":"https:\/\/www.konfeo.com\/cz\/contacto-para-organizadores-de-eventos\/"},"modified":"2024-09-25T11:03:31","modified_gmt":"2024-09-25T09:03:31","slug":"widgety-pro-organizatory-akci","status":"publish","type":"page","link":"https:\/\/www.konfeo.com\/cz\/widgety-pro-organizatory-akci\/","title":{"rendered":"Widgety pro organiz\u00e1tory akc\u00ed"},"content":{"rendered":"\n<p id=\"registration-form-widget\">Mnoho organiz\u00e1tor\u016f akc\u00ed chce m\u00edt plnou kontrolu nad rozlo\u017een\u00edm sv\u00fdch webov\u00fdch str\u00e1nek pro \u0159\u00edzen\u00ed konferenc\u00ed a kongres\u016f. N\u00e1\u0161 software pro registraci ud\u00e1lost\u00ed nab\u00edz\u00ed dva druhy widget\u016f \u2013 <a href=\"#registration-form-widget\"><strong>widget pro registra\u010dn\u00ed formul\u00e1\u0159 pro jednu ud\u00e1lost<\/strong><\/a> a <a href=\"#event-list-widget\"><strong>widget pro seznam ud\u00e1lost\u00ed<\/strong><\/a> \u2013 kter\u00e9 lze um\u00edstit prakticky kamkoli na vstupn\u00ed str\u00e1nku.<\/p>\n\n\n\n<h2 class=\"wp-block-heading has-text-align-center\" id=\"registration-form-widget\">Widget formul\u00e1\u0159e pro registraci jedn\u00e9 ud\u00e1losti<\/h2>\n\n\n\n<style>iframe { width: 1px; min-width: 100%; }<\/style>\n<iframe src=\"https:\/\/demo-en-e01.konfeo.com\/cz\/groups?iframe=2\" id=\"iframe27928\" onload=\"iFrameResize({}, '#iframe27928')\" frameborder=\"0\"><\/iframe>\n<script type=\"text\/javascript\" src=\"https:\/\/demo-en-e01.konfeo.com\/iframeResizer-4.min.js\"><\/script>\n\n\n\n<div style=\"height:60px\" aria-hidden=\"true\" class=\"wp-block-spacer\"><\/div>\n\n\n\n<h2 class=\"wp-block-heading has-text-align-center\" id=\"event-list-widget\">Widget seznamu ud\u00e1lost\u00ed<\/h2>\n\n\n\n<style>iframe { width: 1px; min-width: 100%; }<\/style>\n<iframe src=\"https:\/\/event-list.konfeo.com\/cz\/0e444a86-1d01-4533-a9fe-d119ae25c075\" id=\"eventlist\" onload=\"iFrameResize({}, '#eventlist')\" frameborder=\"0\"><\/iframe>\n<script type=\"text\/javascript\" src=\"https:\/\/event-list.konfeo.com\/iframeResizer-4.min.js\"><\/script>\n\n\n\n<div style=\"height:100px\" aria-hidden=\"true\" class=\"wp-block-spacer\"><\/div>\n","protected":false},"excerpt":{"rendered":"<p>Mnoho organiz\u00e1tor\u016f akc\u00ed chce m\u00edt plnou kontrolu nad rozlo\u017een\u00edm sv\u00fdch webov\u00fdch str\u00e1nek pro \u0159\u00edzen\u00ed konferenc\u00ed a kongres\u016f. N\u00e1\u0161 software pro registraci ud\u00e1lost\u00ed nab\u00edz\u00ed dva druhy widget\u016f \u2013 widget pro registra\u010dn\u00ed formul\u00e1\u0159 pro jednu ud\u00e1lost a widget pro seznam ud\u00e1lost\u00ed \u2013 kter\u00e9 lze um\u00edstit prakticky kamkoli na vstupn\u00ed str\u00e1nku. Widget formul\u00e1\u0159e pro registraci jedn\u00e9 ud\u00e1losti Widget&hellip;&nbsp;<a href=\"https:\/\/www.konfeo.com\/cz\/widgety-pro-organizatory-akci\/\" rel=\"bookmark\">\u010c\u00edst d\u00e1le &raquo;<span class=\"screen-reader-text\">Widgety pro organiz\u00e1tory akc\u00ed<\/span><\/a><\/p>\n","protected":false},"author":1,"featured_media":22,"parent":0,"menu_order":0,"comment_status":"closed","ping_status":"closed","template":"","meta":{"inline_featured_image":false,"neve_meta_sidebar":"","neve_meta_container":"","neve_meta_enable_content_width":"","neve_meta_content_width":0,"neve_meta_title_alignment":"","neve_meta_author_avatar":"","neve_post_elements_order":"","neve_meta_disable_header":"","neve_meta_disable_footer":"","neve_meta_disable_title":"","footnotes":""},"class_list":["post-3","page","type-page","status-publish","has-post-thumbnail","hentry"],"yoast_head":"<!-- This site is optimized with the Yoast SEO plugin v27.5 - https:\/\/yoast.com\/product\/yoast-seo-wordpress\/ -->\n<title>Widgety pro organiz\u00e1tory akc\u00ed - Syst\u00e9m registrace \u00fa\u010dastn\u00edk\u016f | Konfeo<\/title>\n<meta name=\"robots\" content=\"index, follow, max-snippet:-1, max-image-preview:large, max-video-preview:-1\" \/>\n<link rel=\"canonical\" href=\"https:\/\/www.konfeo.com\/cz\/widgety-pro-organizatory-akci\/\" \/>\n<meta property=\"og:locale\" content=\"cs_CZ\" \/>\n<meta property=\"og:type\" content=\"article\" \/>\n<meta property=\"og:title\" content=\"Widgety pro organiz\u00e1tory akc\u00ed - Syst\u00e9m registrace \u00fa\u010dastn\u00edk\u016f | Konfeo\" \/>\n<meta property=\"og:description\" content=\"Mnoho organiz\u00e1tor\u016f akc\u00ed chce m\u00edt plnou kontrolu nad rozlo\u017een\u00edm sv\u00fdch webov\u00fdch str\u00e1nek pro \u0159\u00edzen\u00ed konferenc\u00ed a kongres\u016f. N\u00e1\u0161 software pro registraci ud\u00e1lost\u00ed nab\u00edz\u00ed dva druhy widget\u016f \u2013 widget pro registra\u010dn\u00ed formul\u00e1\u0159 pro jednu ud\u00e1lost a widget pro seznam ud\u00e1lost\u00ed \u2013 kter\u00e9 lze um\u00edstit prakticky kamkoli na vstupn\u00ed str\u00e1nku. Widget formul\u00e1\u0159e pro registraci jedn\u00e9 ud\u00e1losti Widget&hellip;&nbsp;\u010c\u00edst d\u00e1le &raquo;Widgety pro organiz\u00e1tory akc\u00ed\" \/>\n<meta property=\"og:url\" content=\"https:\/\/www.konfeo.com\/cz\/widgety-pro-organizatory-akci\/\" \/>\n<meta property=\"og:site_name\" content=\"Syst\u00e9m registrace \u00fa\u010dastn\u00edk\u016f | Konfeo\" \/>\n<meta property=\"article:publisher\" content=\"https:\/\/www.facebook.com\/Konfeo\" \/>\n<meta property=\"article:modified_time\" content=\"2024-09-25T09:03:31+00:00\" \/>\n<meta property=\"og:image\" content=\"https:\/\/www.konfeo.com\/cz\/wp-content\/uploads\/sites\/8\/2023\/07\/Konfeo-demo-header-1-min.jpg\" \/>\n\t<meta property=\"og:image:width\" content=\"1280\" \/>\n\t<meta property=\"og:image:height\" content=\"500\" \/>\n\t<meta property=\"og:image:type\" content=\"image\/jpeg\" \/>\n<meta name=\"twitter:card\" content=\"summary_large_image\" \/>\n<meta name=\"twitter:site\" content=\"@konfeo\" \/>\n<meta name=\"twitter:label1\" content=\"Odhadovan\u00e1 doba \u010dten\u00ed\" \/>\n\t<meta name=\"twitter:data1\" content=\"1 minuta\" \/>\n<script type=\"application\/ld+json\" class=\"yoast-schema-graph\">{\"@context\":\"https:\\\/\\\/schema.org\",\"@graph\":[{\"@type\":\"WebPage\",\"@id\":\"https:\\\/\\\/www.konfeo.com\\\/cz\\\/widgety-pro-organizatory-akci\\\/\",\"url\":\"https:\\\/\\\/www.konfeo.com\\\/cz\\\/widgety-pro-organizatory-akci\\\/\",\"name\":\"Widgety pro organiz\u00e1tory akc\u00ed - Syst\u00e9m registrace \u00fa\u010dastn\u00edk\u016f | Konfeo\",\"isPartOf\":{\"@id\":\"https:\\\/\\\/www.konfeo.com\\\/cz\\\/#website\"},\"primaryImageOfPage\":{\"@id\":\"https:\\\/\\\/www.konfeo.com\\\/cz\\\/widgety-pro-organizatory-akci\\\/#primaryimage\"},\"image\":{\"@id\":\"https:\\\/\\\/www.konfeo.com\\\/cz\\\/widgety-pro-organizatory-akci\\\/#primaryimage\"},\"thumbnailUrl\":\"https:\\\/\\\/www.konfeo.com\\\/cz\\\/wp-content\\\/uploads\\\/sites\\\/8\\\/2023\\\/07\\\/Konfeo-demo-header-1-min.jpg\",\"datePublished\":\"2023-07-05T11:15:30+00:00\",\"dateModified\":\"2024-09-25T09:03:31+00:00\",\"inLanguage\":\"cs\",\"potentialAction\":[{\"@type\":\"ReadAction\",\"target\":[\"https:\\\/\\\/www.konfeo.com\\\/cz\\\/widgety-pro-organizatory-akci\\\/\"]}]},{\"@type\":\"ImageObject\",\"inLanguage\":\"cs\",\"@id\":\"https:\\\/\\\/www.konfeo.com\\\/cz\\\/widgety-pro-organizatory-akci\\\/#primaryimage\",\"url\":\"https:\\\/\\\/www.konfeo.com\\\/cz\\\/wp-content\\\/uploads\\\/sites\\\/8\\\/2023\\\/07\\\/Konfeo-demo-header-1-min.jpg\",\"contentUrl\":\"https:\\\/\\\/www.konfeo.com\\\/cz\\\/wp-content\\\/uploads\\\/sites\\\/8\\\/2023\\\/07\\\/Konfeo-demo-header-1-min.jpg\",\"width\":1280,\"height\":500},{\"@type\":\"WebSite\",\"@id\":\"https:\\\/\\\/www.konfeo.com\\\/cz\\\/#website\",\"url\":\"https:\\\/\\\/www.konfeo.com\\\/cz\\\/\",\"name\":\"Nejrychlej\u0161\u00ed syst\u00e9m registrace \u00fa\u010dastn\u00edk\u016f\",\"description\":\"Software pro prodej vstupenek na konference a \u0161kolen\u00ed\",\"publisher\":{\"@id\":\"https:\\\/\\\/www.konfeo.com\\\/cz\\\/#organization\"},\"potentialAction\":[{\"@type\":\"SearchAction\",\"target\":{\"@type\":\"EntryPoint\",\"urlTemplate\":\"https:\\\/\\\/www.konfeo.com\\\/cz\\\/?s={search_term_string}\"},\"query-input\":{\"@type\":\"PropertyValueSpecification\",\"valueRequired\":true,\"valueName\":\"search_term_string\"}}],\"inLanguage\":\"cs\"},{\"@type\":\"Organization\",\"@id\":\"https:\\\/\\\/www.konfeo.com\\\/cz\\\/#organization\",\"name\":\"Konfeo\",\"url\":\"https:\\\/\\\/www.konfeo.com\\\/cz\\\/\",\"logo\":{\"@type\":\"ImageObject\",\"inLanguage\":\"cs\",\"@id\":\"https:\\\/\\\/www.konfeo.com\\\/cz\\\/#\\\/schema\\\/logo\\\/image\\\/\",\"url\":\"https:\\\/\\\/www.konfeo.com\\\/cz\\\/wp-content\\\/uploads\\\/sites\\\/8\\\/2023\\\/07\\\/Konfeo-icon-min.png\",\"contentUrl\":\"https:\\\/\\\/www.konfeo.com\\\/cz\\\/wp-content\\\/uploads\\\/sites\\\/8\\\/2023\\\/07\\\/Konfeo-icon-min.png\",\"width\":595,\"height\":512,\"caption\":\"Konfeo\"},\"image\":{\"@id\":\"https:\\\/\\\/www.konfeo.com\\\/cz\\\/#\\\/schema\\\/logo\\\/image\\\/\"},\"sameAs\":[\"https:\\\/\\\/www.facebook.com\\\/Konfeo\",\"https:\\\/\\\/x.com\\\/konfeo\",\"https:\\\/\\\/www.linkedin.com\\\/company\\\/konfeo\"]}]}<\/script>\n<!-- \/ Yoast SEO plugin. -->","yoast_head_json":{"title":"Widgety pro organiz\u00e1tory akc\u00ed - Syst\u00e9m registrace \u00fa\u010dastn\u00edk\u016f | Konfeo","robots":{"index":"index","follow":"follow","max-snippet":"max-snippet:-1","max-image-preview":"max-image-preview:large","max-video-preview":"max-video-preview:-1"},"canonical":"https:\/\/www.konfeo.com\/cz\/widgety-pro-organizatory-akci\/","og_locale":"cs_CZ","og_type":"article","og_title":"Widgety pro organiz\u00e1tory akc\u00ed - Syst\u00e9m registrace \u00fa\u010dastn\u00edk\u016f | Konfeo","og_description":"Mnoho organiz\u00e1tor\u016f akc\u00ed chce m\u00edt plnou kontrolu nad rozlo\u017een\u00edm sv\u00fdch webov\u00fdch str\u00e1nek pro \u0159\u00edzen\u00ed konferenc\u00ed a kongres\u016f. N\u00e1\u0161 software pro registraci ud\u00e1lost\u00ed nab\u00edz\u00ed dva druhy widget\u016f \u2013 widget pro registra\u010dn\u00ed formul\u00e1\u0159 pro jednu ud\u00e1lost a widget pro seznam ud\u00e1lost\u00ed \u2013 kter\u00e9 lze um\u00edstit prakticky kamkoli na vstupn\u00ed str\u00e1nku. Widget formul\u00e1\u0159e pro registraci jedn\u00e9 ud\u00e1losti Widget&hellip;&nbsp;\u010c\u00edst d\u00e1le &raquo;Widgety pro organiz\u00e1tory akc\u00ed","og_url":"https:\/\/www.konfeo.com\/cz\/widgety-pro-organizatory-akci\/","og_site_name":"Syst\u00e9m registrace \u00fa\u010dastn\u00edk\u016f | Konfeo","article_publisher":"https:\/\/www.facebook.com\/Konfeo","article_modified_time":"2024-09-25T09:03:31+00:00","og_image":[{"width":1280,"height":500,"url":"https:\/\/www.konfeo.com\/cz\/wp-content\/uploads\/sites\/8\/2023\/07\/Konfeo-demo-header-1-min.jpg","type":"image\/jpeg"}],"twitter_card":"summary_large_image","twitter_site":"@konfeo","twitter_misc":{"Odhadovan\u00e1 doba \u010dten\u00ed":"1 minuta"},"schema":{"@context":"https:\/\/schema.org","@graph":[{"@type":"WebPage","@id":"https:\/\/www.konfeo.com\/cz\/widgety-pro-organizatory-akci\/","url":"https:\/\/www.konfeo.com\/cz\/widgety-pro-organizatory-akci\/","name":"Widgety pro organiz\u00e1tory akc\u00ed - Syst\u00e9m registrace \u00fa\u010dastn\u00edk\u016f | Konfeo","isPartOf":{"@id":"https:\/\/www.konfeo.com\/cz\/#website"},"primaryImageOfPage":{"@id":"https:\/\/www.konfeo.com\/cz\/widgety-pro-organizatory-akci\/#primaryimage"},"image":{"@id":"https:\/\/www.konfeo.com\/cz\/widgety-pro-organizatory-akci\/#primaryimage"},"thumbnailUrl":"https:\/\/www.konfeo.com\/cz\/wp-content\/uploads\/sites\/8\/2023\/07\/Konfeo-demo-header-1-min.jpg","datePublished":"2023-07-05T11:15:30+00:00","dateModified":"2024-09-25T09:03:31+00:00","inLanguage":"cs","potentialAction":[{"@type":"ReadAction","target":["https:\/\/www.konfeo.com\/cz\/widgety-pro-organizatory-akci\/"]}]},{"@type":"ImageObject","inLanguage":"cs","@id":"https:\/\/www.konfeo.com\/cz\/widgety-pro-organizatory-akci\/#primaryimage","url":"https:\/\/www.konfeo.com\/cz\/wp-content\/uploads\/sites\/8\/2023\/07\/Konfeo-demo-header-1-min.jpg","contentUrl":"https:\/\/www.konfeo.com\/cz\/wp-content\/uploads\/sites\/8\/2023\/07\/Konfeo-demo-header-1-min.jpg","width":1280,"height":500},{"@type":"WebSite","@id":"https:\/\/www.konfeo.com\/cz\/#website","url":"https:\/\/www.konfeo.com\/cz\/","name":"Nejrychlej\u0161\u00ed syst\u00e9m registrace \u00fa\u010dastn\u00edk\u016f","description":"Software pro prodej vstupenek na konference a \u0161kolen\u00ed","publisher":{"@id":"https:\/\/www.konfeo.com\/cz\/#organization"},"potentialAction":[{"@type":"SearchAction","target":{"@type":"EntryPoint","urlTemplate":"https:\/\/www.konfeo.com\/cz\/?s={search_term_string}"},"query-input":{"@type":"PropertyValueSpecification","valueRequired":true,"valueName":"search_term_string"}}],"inLanguage":"cs"},{"@type":"Organization","@id":"https:\/\/www.konfeo.com\/cz\/#organization","name":"Konfeo","url":"https:\/\/www.konfeo.com\/cz\/","logo":{"@type":"ImageObject","inLanguage":"cs","@id":"https:\/\/www.konfeo.com\/cz\/#\/schema\/logo\/image\/","url":"https:\/\/www.konfeo.com\/cz\/wp-content\/uploads\/sites\/8\/2023\/07\/Konfeo-icon-min.png","contentUrl":"https:\/\/www.konfeo.com\/cz\/wp-content\/uploads\/sites\/8\/2023\/07\/Konfeo-icon-min.png","width":595,"height":512,"caption":"Konfeo"},"image":{"@id":"https:\/\/www.konfeo.com\/cz\/#\/schema\/logo\/image\/"},"sameAs":["https:\/\/www.facebook.com\/Konfeo","https:\/\/x.com\/konfeo","https:\/\/www.linkedin.com\/company\/konfeo"]}]}},"_links":{"self":[{"href":"https:\/\/www.konfeo.com\/cz\/wp-json\/wp\/v2\/pages\/3","targetHints":{"allow":["GET"]}}],"collection":[{"href":"https:\/\/www.konfeo.com\/cz\/wp-json\/wp\/v2\/pages"}],"about":[{"href":"https:\/\/www.konfeo.com\/cz\/wp-json\/wp\/v2\/types\/page"}],"author":[{"embeddable":true,"href":"https:\/\/www.konfeo.com\/cz\/wp-json\/wp\/v2\/users\/1"}],"replies":[{"embeddable":true,"href":"https:\/\/www.konfeo.com\/cz\/wp-json\/wp\/v2\/comments?post=3"}],"version-history":[{"count":1,"href":"https:\/\/www.konfeo.com\/cz\/wp-json\/wp\/v2\/pages\/3\/revisions"}],"predecessor-version":[{"id":115,"href":"https:\/\/www.konfeo.com\/cz\/wp-json\/wp\/v2\/pages\/3\/revisions\/115"}],"wp:featuredmedia":[{"embeddable":true,"href":"https:\/\/www.konfeo.com\/cz\/wp-json\/wp\/v2\/media\/22"}],"wp:attachment":[{"href":"https:\/\/www.konfeo.com\/cz\/wp-json\/wp\/v2\/media?parent=3"}],"curies":[{"name":"wp","href":"https:\/\/api.w.org\/{rel}","templated":true}]}}